{"id":490,"date":"2023-04-20T09:12:33","date_gmt":"2023-04-20T07:12:33","guid":{"rendered":"https:\/\/elternbeirat-staudinger-gesamtschule.de\/?page_id=490"},"modified":"2023-04-20T09:13:33","modified_gmt":"2023-04-20T07:13:33","slug":"staudi-chor","status":"publish","type":"page","link":"https:\/\/elternbeirat-staudinger-gesamtschule.de\/?page_id=490","title":{"rendered":"Staudi-Chor"},"content":{"rendered":"\n<div class=\"wp-block-media-text alignwide is-stacked-on-mobile is-vertically-aligned-bottom\"><figure class=\"wp-block-media-text__media\"><video controls src=\"https:\/\/elternbeirat-staudinger-gesamtschule.de\/wp-content\/uploads\/2022\/11\/Mike-Oehme-Staudi-Singers.mp4\"><\/video><\/figure><div class=\"wp-block-media-text__content\">\n<p>Wer Spa\u00df am Singen hat, f\u00fcr den ist vielleicht der Staudi-Chor etwas?<\/p>\n\n\n\n<p>Jeden Donnerstag, 20 Uhr im Werki.<\/p>\n<\/div><\/div>\n\n\n\n<p>&lt; <a href=\"https:\/\/elternbeirat-staudinger-gesamtschule.de\/?page_id=2\">zur\u00fcck<\/a><\/p>\n","protected":false},"excerpt":{"rendered":"<p>Wer Spa\u00df am Singen hat, f\u00fcr den ist vielleicht der Staudi-Chor etwas? Jeden Donnerstag, 20 Uhr im Werki. &lt; zur\u00fcck<\/p>\n","protected":false},"author":1,"featured_media":0,"parent":0,"menu_order":0,"comment_status":"closed","ping_status":"closed","template":"","meta":{"footnotes":""},"class_list":["post-490","page","type-page","status-publish","hentry"],"_links":{"self":[{"href":"https:\/\/elternbeirat-staudinger-gesamtschule.de\/index.php?rest_route=\/wp\/v2\/pages\/490","targetHints":{"allow":["GET"]}}],"collection":[{"href":"https:\/\/elternbeirat-staudinger-gesamtschule.de\/index.php?rest_route=\/wp\/v2\/pages"}],"about":[{"href":"https:\/\/elternbeirat-staudinger-gesamtschule.de\/index.php?rest_route=\/wp\/v2\/types\/page"}],"author":[{"embeddable":true,"href":"https:\/\/elternbeirat-staudinger-gesamtschule.de\/index.php?rest_route=\/wp\/v2\/users\/1"}],"replies":[{"embeddable":true,"href":"https:\/\/elternbeirat-staudinger-gesamtschule.de\/index.php?rest_route=%2Fwp%2Fv2%2Fcomments&post=490"}],"version-history":[{"count":2,"href":"https:\/\/elternbeirat-staudinger-gesamtschule.de\/index.php?rest_route=\/wp\/v2\/pages\/490\/revisions"}],"predecessor-version":[{"id":495,"href":"https:\/\/elternbeirat-staudinger-gesamtschule.de\/index.php?rest_route=\/wp\/v2\/pages\/490\/revisions\/495"}],"wp:attachment":[{"href":"https:\/\/elternbeirat-staudinger-gesamtschule.de\/index.php?rest_route=%2Fwp%2Fv2%2Fmedia&parent=490"}],"curies":[{"name":"wp","href":"https:\/\/api.w.org\/{rel}","templated":true}]}}