{"id":2,"date":"2022-04-11T12:56:12","date_gmt":"2022-04-11T12:56:12","guid":{"rendered":"https:\/\/elternbeirat-staudinger-gesamtschule.de\/?page_id=2"},"modified":"2025-10-20T17:46:54","modified_gmt":"2025-10-20T15:46:54","slug":"sample-page","status":"publish","type":"page","link":"https:\/\/elternbeirat-staudinger-gesamtschule.de\/","title":{"rendered":"Willkommen!"},"content":{"rendered":"\n<p><\/p>\n\n\n\n<figure class=\"wp-block-image size-full\"><img decoding=\"async\" src=\"https:\/\/elternbeirat-staudinger-gesamtschule.de\/wp-content\/uploads\/2022\/04\/Logo-Elternbeirat.gif\" alt=\"Logo\" class=\"wp-image-29\"\/><\/figure>\n\n\n\n<p>Der Elternbeirat ist die Vertretung der Eltern an der Staudinger-Gesamtschule. Er besteht aus den Elternvertreter:innen jeder Klasse sowie den Mitgliedern des 5er-Gremiums.<\/p>\n\n\n\n<p>Wir koordinieren die Elternarbeit, planen Aktionen und bringen uns mit unserer Elternsicht in verschiedenen Gremien und im Alltag an der Staudinger Gesamtschule ein. <\/p>\n\n\n\n<p>Auf diesen Seiten erfahrt Ihr mehr \u00fcber unsere Arbeit und bekommt Informationen, wie und wo Ihr Euch als Eltern an der Staudinger Gesamtschule einbringen k\u00f6nnt. Vom Kuchenbacken und Standaufbauen bis zur Vertretung im Gesamtelternbeirat: Wir freuen uns \u00fcber alle Eltern, die bei uns mitwirken wollen. <\/p>\n\n\n\n<p>Ihr erreicht uns unter: <br><a href=\"mailto:dialog@elternbeirat-staudinger-gesamtschule.de\">dialog[at]elternbeirat-staudinger-gesamtschule.de<\/a><\/p>\n\n\n\n<p>Axel Trunz, Kerstin Rieger und Ines Gatzemeier<\/p>\n\n\n\n<p><br><\/p>\n\n\n\n<h2 class=\"wp-block-heading\">Elternbeirat kurz erkl\u00e4rt<\/h2>\n\n\n\n<hr class=\"wp-block-separator has-alpha-channel-opacity\"\/>\n\n\n\n<div class=\"wp-block-media-text alignwide has-media-on-the-right is-stacked-on-mobile is-vertically-aligned-top\"><div class=\"wp-block-media-text__content\">\n<p><\/p>\n\n\n\n<p>Wer kommt in den Elternbeirat zusammen, welche Funktionen hat er und was genau passiert hinter den Kulissen? Fragen, die dieses Video beantwortet.<\/p>\n<\/div><figure class=\"wp-block-media-text__media\"><video controls src=\"https:\/\/elternbeirat-staudinger-gesamtschule.de\/wp-content\/uploads\/2022\/10\/EBR-Mitbestimmung-an-der-Staudi.mp4\"><\/video><\/figure><\/div>\n\n\n\n<p><\/p>\n\n\n\n<hr class=\"wp-block-separator has-text-color has-black-color has-alpha-channel-opacity has-black-background-color has-background is-style-wide\"\/>\n\n\n\n<h2 class=\"wp-block-heading\">Gremien<\/h2>\n\n\n\n<div class=\"wp-block-columns is-layout-flex wp-container-core-columns-is-layout-9d6595d7 wp-block-columns-is-layout-flex\">\n<div class=\"wp-block-column is-layout-flow wp-block-column-is-layout-flow\">\n<p><strong><a href=\"https:\/\/elternbeirat-staudinger-gesamtschule.de\/?page_id=452\" data-type=\"URL\" data-id=\"https:\/\/elternbeirat-staudinger-gesamtschule.de\/?page_id=452\">Schulkonferenz (SchuKo)<\/a><\/strong><\/p>\n<\/div>\n\n\n\n<div class=\"wp-block-column is-layout-flow wp-block-column-is-layout-flow\">\n<p><a href=\"https:\/\/elternbeirat-staudinger-gesamtschule.de\/?page_id=464\" data-type=\"URL\" data-id=\"https:\/\/elternbeirat-staudinger-gesamtschule.de\/?page_id=464\"><strong>Stufenaussch\u00fcsse<\/strong><\/a><\/p>\n<\/div>\n\n\n\n<div class=\"wp-block-column is-layout-flow wp-block-column-is-layout-flow\">\n<p><strong><a href=\"https:\/\/elternbeirat-staudinger-gesamtschule.de\/?page_id=468\" data-type=\"URL\" data-id=\"https:\/\/elternbeirat-staudinger-gesamtschule.de\/?page_id=468\">Arbeitskreise<\/a><\/strong><\/p>\n<\/div>\n<\/div>\n\n\n\n<div class=\"wp-block-columns is-layout-flex wp-container-core-columns-is-layout-9d6595d7 wp-block-columns-is-layout-flex\">\n<div class=\"wp-block-column is-layout-flow wp-block-column-is-layout-flow\">\n<p><strong><a href=\"https:\/\/elternbeirat-staudinger-gesamtschule.de\/?page_id=474\" data-type=\"URL\" data-id=\"https:\/\/elternbeirat-staudinger-gesamtschule.de\/?page_id=474\">Kooperationen<\/a><\/strong><\/p>\n<\/div>\n\n\n\n<div class=\"wp-block-column is-layout-flow wp-block-column-is-layout-flow\">\n<p><strong><a href=\"https:\/\/elternbeirat-staudinger-gesamtschule.de\/?page_id=478\" data-type=\"URL\" data-id=\"https:\/\/elternbeirat-staudinger-gesamtschule.de\/?page_id=478\">Mensabeirat<\/a><\/strong><\/p>\n<\/div>\n\n\n\n<div class=\"wp-block-column is-layout-flow wp-block-column-is-layout-flow\"><\/div>\n<\/div>\n\n\n\n<hr class=\"wp-block-separator has-text-color has-black-color has-alpha-channel-opacity has-black-background-color has-background is-style-wide\"\/>\n\n\n\n<h2 class=\"wp-block-heading\">Weitere M\u00f6glichkeiten sich einzubringen<\/h2>\n\n\n\n<div class=\"wp-block-columns is-layout-flex wp-container-core-columns-is-layout-9d6595d7 wp-block-columns-is-layout-flex\">\n<div class=\"wp-block-column is-layout-flow wp-block-column-is-layout-flow\">\n<figure class=\"wp-block-image size-large is-resized\"><img loading=\"lazy\" decoding=\"async\" width=\"1024\" height=\"768\" src=\"https:\/\/elternbeirat-staudinger-gesamtschule.de\/wp-content\/uploads\/2022\/07\/IMG_20220718_214506-1024x768.jpg\" alt=\"\" class=\"wp-image-164\" style=\"width:270px;height:203px\" srcset=\"https:\/\/elternbeirat-staudinger-gesamtschule.de\/wp-content\/uploads\/2022\/07\/IMG_20220718_214506-1024x768.jpg 1024w, https:\/\/elternbeirat-staudinger-gesamtschule.de\/wp-content\/uploads\/2022\/07\/IMG_20220718_214506-300x225.jpg 300w, https:\/\/elternbeirat-staudinger-gesamtschule.de\/wp-content\/uploads\/2022\/07\/IMG_20220718_214506-768x576.jpg 768w, https:\/\/elternbeirat-staudinger-gesamtschule.de\/wp-content\/uploads\/2022\/07\/IMG_20220718_214506-1536x1152.jpg 1536w, https:\/\/elternbeirat-staudinger-gesamtschule.de\/wp-content\/uploads\/2022\/07\/IMG_20220718_214506-2048x1536.jpg 2048w, https:\/\/elternbeirat-staudinger-gesamtschule.de\/wp-content\/uploads\/2022\/07\/IMG_20220718_214506-400x300.jpg 400w\" sizes=\"auto, (max-width: 1024px) 100vw, 1024px\" \/><\/figure>\n\n\n\n<p><strong><a href=\"https:\/\/elternbeirat-staudinger-gesamtschule.de\/?page_id=487\" data-type=\"URL\" data-id=\"https:\/\/elternbeirat-staudinger-gesamtschule.de\/?page_id=487\">Ofenmeisterdienst<\/a><\/strong><\/p>\n<\/div>\n\n\n\n<div class=\"wp-block-column is-layout-flow wp-block-column-is-layout-flow\">\n<figure class=\"wp-block-image size-full\"><img loading=\"lazy\" decoding=\"async\" width=\"270\" height=\"200\" src=\"https:\/\/elternbeirat-staudinger-gesamtschule.de\/wp-content\/uploads\/2023\/07\/Staudi-Chor.png\" alt=\"\" class=\"wp-image-590\"\/><\/figure>\n\n\n\n<p><strong><a href=\"https:\/\/elternbeirat-staudinger-gesamtschule.de\/?page_id=490(\u00f6ffnet in neuem Tab)\" data-type=\"URL\" data-id=\"https:\/\/elternbeirat-staudinger-gesamtschule.de\/?page_id=490(\u00f6ffnet in neuem Tab)\">Staudi-Chor<\/a><\/strong><\/p>\n<\/div>\n\n\n\n<div class=\"wp-block-column is-layout-flow wp-block-column-is-layout-flow\">\n<p><\/p>\n<\/div>\n<\/div>\n","protected":false},"excerpt":{"rendered":"<p>Der Elternbeirat ist die Vertretung der Eltern an der Staudinger-Gesamtschule. Er besteht aus den Elternvertreter:innen jeder Klasse sowie den Mitgliedern des 5er-Gremiums. Wir koordinieren die Elternarbeit, planen Aktionen und bringen [&hellip;]<\/p>\n","protected":false},"author":1,"featured_media":0,"parent":0,"menu_order":0,"comment_status":"closed","ping_status":"open","template":"","meta":{"footnotes":""},"class_list":["post-2","page","type-page","status-publish","hentry"],"_links":{"self":[{"href":"https:\/\/elternbeirat-staudinger-gesamtschule.de\/index.php?rest_route=\/wp\/v2\/pages\/2","targetHints":{"allow":["GET"]}}],"collection":[{"href":"https:\/\/elternbeirat-staudinger-gesamtschule.de\/index.php?rest_route=\/wp\/v2\/pages"}],"about":[{"href":"https:\/\/elternbeirat-staudinger-gesamtschule.de\/index.php?rest_route=\/wp\/v2\/types\/page"}],"author":[{"embeddable":true,"href":"https:\/\/elternbeirat-staudinger-gesamtschule.de\/index.php?rest_route=\/wp\/v2\/users\/1"}],"replies":[{"embeddable":true,"href":"https:\/\/elternbeirat-staudinger-gesamtschule.de\/index.php?rest_route=%2Fwp%2Fv2%2Fcomments&post=2"}],"version-history":[{"count":32,"href":"https:\/\/elternbeirat-staudinger-gesamtschule.de\/index.php?rest_route=\/wp\/v2\/pages\/2\/revisions"}],"predecessor-version":[{"id":1213,"href":"https:\/\/elternbeirat-staudinger-gesamtschule.de\/index.php?rest_route=\/wp\/v2\/pages\/2\/revisions\/1213"}],"wp:attachment":[{"href":"https:\/\/elternbeirat-staudinger-gesamtschule.de\/index.php?rest_route=%2Fwp%2Fv2%2Fmedia&parent=2"}],"curies":[{"name":"wp","href":"https:\/\/api.w.org\/{rel}","templated":true}]}}