{"id":1168,"date":"2025-09-15T19:55:39","date_gmt":"2025-09-15T17:55:39","guid":{"rendered":"https:\/\/elternbeirat-staudinger-gesamtschule.de\/?page_id=1168"},"modified":"2025-10-20T17:46:18","modified_gmt":"2025-10-20T15:46:18","slug":"faqs-fuer-elternvertreterinnen","status":"publish","type":"page","link":"https:\/\/elternbeirat-staudinger-gesamtschule.de\/?page_id=1168","title":{"rendered":"FAQs f\u00fcr Elternvertreter:innen"},"content":{"rendered":"\n<p>Alles, was f\u00fcr dich wichtig ist, findest du in dieser Brosch\u00fcre, hier zum Runterladen: <br><a href=\"https:\/\/km.baden-wuerttemberg.de\/fileadmin\/redaktion\/m-km\/intern\/PDF\/Publikationen\/Schulartuebergreifend\/KM_Elterninfo_Elternvertreter_2025-2026_BF.pdf\">Elterninfo<\/a> f\u00fcr gew\u00e4hlte Elternvertreter, Schuljahr 2025\/26<\/p>\n\n\n\n<h2 class=\"wp-block-heading\">Wie lege ich einen Mailverteiler f\u00fcr meine Klasse an?<\/h2>\n\n\n\n<p>Als neue Elternvertreter:in ist Eure erste und wichtige Aufgabe, einen Mailverteiler f\u00fcr die Eltern anzulegen. Hier haben wir Euch Anleitungen f\u00fcrs Erstellen mit Outlook und Gmail verlinkt.<\/p>\n\n\n\n<p><a href=\"https:\/\/youtu.be\/Oq70xYS-A8g\" target=\"_blank\" rel=\"noreferrer noopener\">Mailverteiler mit Outlook anlegen<\/a><\/p>\n\n\n\n<p><a rel=\"noreferrer noopener\" href=\"https:\/\/praxistipps.chip.de\/verteilerlisten-mit-gmail-erstellen-so-gehts_13761\" target=\"_blank\">Mailverteiler mit Gmail anlegen<\/a><\/p>\n\n\n\n<hr class=\"wp-block-separator has-alpha-channel-opacity\"\/>\n\n\n\n<h2 class=\"wp-block-heading\">Wie kann ich Pizzabacken mit der Klasse auf dem Werki?<\/h2>\n\n\n\n<p>Zu Euren Pflichten als Elternvertreter:in geh\u00f6rt die Organisation des zweiten Elternabends im zweiten Halbjahr. Das k\u00f6nnt Ihr auch wunderbar mit einem Klassenfest verbinden! Eine Vorlage f\u00fcr die Einladung gibt es hier:<\/p>\n\n\n\n<p><a href=\"https:\/\/elternbeirat-staudinger-gesamtschule.de\/wp-content\/uploads\/2022\/07\/Vorlage_Einladung-zum-Klassenfest-mit-Pizzabacken.docx\">Vorlage_Einladung-zum-Klassenfest-mit-Pizzabacken<\/a><a href=\"https:\/\/elternbeirat-staudinger-gesamtschule.de\/wp-content\/uploads\/2022\/07\/Vorlage_Einladung-zum-Klassenfest-mit-Pizzabacken.docx\">Herunterladen<\/a><\/p>\n\n\n\n<p>\u2013<\/p>\n\n\n\n<h5 class=\"wp-block-heading\">Tipps f\u00fcrs Pizzabacken mit der Klasse<br>Mengen, Vorgehen, Ansprechpartner<\/h5>\n\n\n\n<p>Wenn Ihr mit Eurer Klasse Pizza backen wollt, setzt Euch mit Herrn L\u00f6ffler in Verbindung:<br>Kontakt \u00fcber ofenmeister@staudinger-foerderkreis.de<a href=\"mailto:loeffler@staudinger-gesamtschule.de\">.&nbsp;<\/a>F\u00fcr das Holz werden 35\u20ac Unkostenbeitrag erhoben.<\/p>\n\n\n\n<p>Tipps f\u00fcrs Pizzabacken<\/p>\n\n\n\n<ul class=\"wp-block-list\">\n<li>Eine oder zwei Personen machen Teig f\u00fcr alle. Faustregel: 125g Mehl\/Person<\/li>\n\n\n\n<li>Eine oder zwei Personen machen Tomatenso\u00dfe f\u00fcr alle. M\u00f6glichst dick einkochen, sonst weicht die Pizza auf.<\/li>\n\n\n\n<li>Als Werkzeug braucht Ihr Pizzaroller (zum Schneiden), Nudelholz, zwei gro\u00dfe Bretter zum Ausrollen, ausreichend Mehl zum Ausrollen des Teigs.<\/li>\n<\/ul>\n\n\n\n<p>Falls Ihr einfach mal so mit ein paar Eltern kommen wollt: Termine f\u00fcr das offene Backen findet Ihr im Elternkalender.<\/p>\n\n\n\n<hr class=\"wp-block-separator has-alpha-channel-opacity\"\/>\n\n\n\n<h2 class=\"wp-block-heading\">Wo gibt es die Staudi T-Shirts?<\/h2>\n\n\n\n<figure class=\"wp-block-image\"><img loading=\"lazy\" decoding=\"async\" width=\"1024\" height=\"724\" src=\"https:\/\/elternbeirat-staudinger-gesamtschule.de\/wp-content\/uploads\/2024\/11\/Plakat-aktuell-Staudi-T-Shirt-1024x724.png\" alt=\"\" class=\"wp-image-1024\" srcset=\"https:\/\/elternbeirat-staudinger-gesamtschule.de\/wp-content\/uploads\/2024\/11\/Plakat-aktuell-Staudi-T-Shirt-1024x724.png 1024w, https:\/\/elternbeirat-staudinger-gesamtschule.de\/wp-content\/uploads\/2024\/11\/Plakat-aktuell-Staudi-T-Shirt-300x212.png 300w, https:\/\/elternbeirat-staudinger-gesamtschule.de\/wp-content\/uploads\/2024\/11\/Plakat-aktuell-Staudi-T-Shirt-768x543.png 768w, https:\/\/elternbeirat-staudinger-gesamtschule.de\/wp-content\/uploads\/2024\/11\/Plakat-aktuell-Staudi-T-Shirt-1536x1086.png 1536w, https:\/\/elternbeirat-staudinger-gesamtschule.de\/wp-content\/uploads\/2024\/11\/Plakat-aktuell-Staudi-T-Shirt-2048x1448.png 2048w\" sizes=\"auto, (max-width: 1024px) 100vw, 1024px\" \/><\/figure>\n\n\n\n<hr class=\"wp-block-separator has-alpha-channel-opacity\"\/>\n\n\n\n<h2 class=\"wp-block-heading\">Was mache ich bei Konflikten mit Lehrerinnen oder Lehrern? <\/h2>\n\n\n\n<p>Wenn es mal nicht so l\u00e4uft: Der Konfliktfahrplan gibt Orientierung. Bei Problemen k\u00f6nnt Ihr Euch jederzeit auch an den Elternbeirat wenden.<\/p>\n\n\n\n<p><object data=\"https:\/\/elternbeirat-staudinger-gesamtschule.de\/wp-content\/uploads\/2022\/09\/Konfliktfahrplan.pdf\" type=\"application\/pdf\"><\/object><\/p>\n\n\n\n<hr class=\"wp-block-separator has-alpha-channel-opacity\"\/>\n\n\n\n<h2 class=\"wp-block-heading\">Was darf man Lehrerinnen und Lehrern schenken? <\/h2>\n\n\n\n<p>Allgemein gilt: Lehrerinnen und Lehrer d\u00fcrfen wie andere Angestellte und Beamte im \u00f6ffentlichen Dienst nach \u00a7331 des Strafgesetzbuchs<strong>&nbsp;<\/strong>keine Geschenke, Vorteile oder Belohnungen annehmen, da andernfalls der Verdacht auf Vorteilsnahme im Amt besteht.<br>Wenn Ihr Euch dennoch bei den Klassenlehrer:innen bedanken wollt, beachtet diese Punkte:<\/p>\n\n\n\n<ul class=\"wp-block-list\">\n<li>Bitte immer als Klasse schenken<\/li>\n\n\n\n<li>Geschenke bis 10\u20ac sind in Ordnung<\/li>\n\n\n\n<li>Selbstgebasteltes und Selbstgebackenes sind meist ungef\u00e4hrlich<\/li>\n\n\n\n<li>Fotos oder Dankeskarten mit Unterschriften sind immer eine gute Idee<\/li>\n<\/ul>\n\n\n\n<hr class=\"wp-block-separator has-alpha-channel-opacity\"\/>\n\n\n\n<p>\u2013<\/p>\n\n\n\n<h2 class=\"wp-block-heading\">Wie kann ich mich als Elternvertreterin oder Elternvertreter weiterbilden? <\/h2>\n\n\n\n<p> Elternstiftung Baden-W\u00fcrttemberg bietet kostenlos Seminare an \u2013 Auch Online!<\/p>\n\n\n\n<p><a href=\"https:\/\/elternstiftung.de\/elternvertreterinnen\/basisseminare\">Basisseminare \u2013 Elternstiftung Baden-W\u00fcrttemberg<\/a><\/p>\n\n\n\n<p><a href=\"https:\/\/elternstiftung.de\/elternvertreterinnen\/aufbauseminare\">Aufbauseminare \u2013 Elternstiftung Baden-W\u00fcrttemberg<\/a><\/p>\n\n\n\n<p><a href=\"https:\/\/elternstiftung.de\/elternmentorinnen\">Elternmentoren \u2013 Elternstiftung Baden-W\u00fcrttemberg<\/a><\/p>\n\n\n\n<hr class=\"wp-block-separator has-alpha-channel-opacity\"\/>\n\n\n\n<p>\u2013<\/p>\n\n\n\n<h2 class=\"wp-block-heading\">Wo kann ich Infos und Gesetzestexte finden? <\/h2>\n\n\n\n<p>Rechtstexte zur Arbeit im Elternbeirat findet Ihr hier verlinkt.<\/p>\n\n\n\n<p><a rel=\"noreferrer noopener\" href=\"https:\/\/www.landesrecht-bw.de\/jportal\/?quelle=jlink&amp;query=NotBildV+BW&amp;psml=bsbawueprod.psml&amp;max=true&amp;aiz=true\" target=\"_blank\">Verordnung des Kultusministeriums \u00fcber die Notenbildung<br>(Notenbildungsverordnung , NVO)<br>Vom 5. Mai 1983<\/a><\/p>\n\n\n\n<p><a href=\"https:\/\/www.landesrecht-bw.de\/jportal\/?quelle=jlink&amp;query=EltBeirV+BW&amp;psml=bsbawueprod.psml&amp;max=true&amp;aiz=true\" target=\"_blank\" rel=\"noreferrer noopener\">Verordnung des Kultusministeriums f\u00fcr Elternvertretungen<br>und Pflegschaften an \u00f6ffentlichen Schulen<br>(Elternbeiratsverordnung)<br>Vom 16. Juli 1985<\/a><\/p>\n\n\n\n<p><a href=\"https:\/\/www.landesrecht-bw.de\/jportal\/portal\/t\/e1g\/page\/bsbawueprod.psml?action=controls.jw.MaxMinSearchMaskDocument&amp;max=true\" target=\"_blank\" rel=\"noreferrer noopener\">Kinder und Jugendliche mit besonderem F\u00f6rderbedarf und Behinderungen<br>Verwaltungsvorschrift vom 8. M\u00e4rz 1999<br>Az.: IV\/1-6500.333\/61<\/a><\/p>\n","protected":false},"excerpt":{"rendered":"<p>Alles, was f\u00fcr dich wichtig ist, findest du in dieser Brosch\u00fcre, hier zum Runterladen: Elterninfo f\u00fcr gew\u00e4hlte Elternvertreter, Schuljahr 2025\/26 Wie lege ich einen Mailverteiler f\u00fcr meine Klasse an? Als [&hellip;]<\/p>\n","protected":false},"author":1,"featured_media":0,"parent":0,"menu_order":0,"comment_status":"closed","ping_status":"closed","template":"","meta":{"footnotes":""},"class_list":["post-1168","page","type-page","status-publish","hentry"],"_links":{"self":[{"href":"https:\/\/elternbeirat-staudinger-gesamtschule.de\/index.php?rest_route=\/wp\/v2\/pages\/1168","targetHints":{"allow":["GET"]}}],"collection":[{"href":"https:\/\/elternbeirat-staudinger-gesamtschule.de\/index.php?rest_route=\/wp\/v2\/pages"}],"about":[{"href":"https:\/\/elternbeirat-staudinger-gesamtschule.de\/index.php?rest_route=\/wp\/v2\/types\/page"}],"author":[{"embeddable":true,"href":"https:\/\/elternbeirat-staudinger-gesamtschule.de\/index.php?rest_route=\/wp\/v2\/users\/1"}],"replies":[{"embeddable":true,"href":"https:\/\/elternbeirat-staudinger-gesamtschule.de\/index.php?rest_route=%2Fwp%2Fv2%2Fcomments&post=1168"}],"version-history":[{"count":5,"href":"https:\/\/elternbeirat-staudinger-gesamtschule.de\/index.php?rest_route=\/wp\/v2\/pages\/1168\/revisions"}],"predecessor-version":[{"id":1212,"href":"https:\/\/elternbeirat-staudinger-gesamtschule.de\/index.php?rest_route=\/wp\/v2\/pages\/1168\/revisions\/1212"}],"wp:attachment":[{"href":"https:\/\/elternbeirat-staudinger-gesamtschule.de\/index.php?rest_route=%2Fwp%2Fv2%2Fmedia&parent=1168"}],"curies":[{"name":"wp","href":"https:\/\/api.w.org\/{rel}","templated":true}]}}