{"id":1166,"date":"2025-09-15T19:55:39","date_gmt":"2025-09-15T17:55:39","guid":{"rendered":"https:\/\/elternbeirat-staudinger-gesamtschule.de\/?page_id=1166"},"modified":"2025-09-15T20:17:03","modified_gmt":"2025-09-15T18:17:03","slug":"staudi-abkrzung","status":"publish","type":"page","link":"https:\/\/elternbeirat-staudinger-gesamtschule.de\/?page_id=1166","title":{"rendered":"Staudi-Abk\u00fcrzungen"},"content":{"rendered":"\n<blockquote class=\"wp-block-quote is-layout-flow wp-block-quote-is-layout-flow\">\n<p>Der BWB sitzt im MS-Bereich in C.2 beim JGH 21. <\/p>\n\n\n\n<p>H\u00e4?<\/p>\n<\/blockquote>\n\n\n\n<p>Wir bem\u00fchen uns wirklich, verst\u00e4ndlich zu kommunizieren. Falls es uns aber nicht gelingt, ist hier eine unvollst\u00e4ndige Liste der h\u00e4ufigsten Abk\u00fcrzungen an der Staudi<\/p>\n\n\n\n<p>AG Arbeitskreis<\/p>\n\n\n\n<p>AK Arbeitskreis<\/p>\n\n\n\n<p>AKI Arbeitskreis Inklusion<\/p>\n\n\n\n<p>ASB Amt f\u00fcr Schule und Bildung<\/p>\n\n\n\n<p>BORS Berufsorientierung Realschule<\/p>\n\n\n\n<p>BoGy Berufsorientierung Gymnasium<\/p>\n\n\n\n<p>BWB Berufswahlberater<\/p>\n\n\n\n<p>DVA Diagnose- und Vergleichsarbeiten<\/p>\n\n\n\n<p>EBR (EB) Elternbeirat<\/p>\n\n\n\n<p>EV Elternvertreter<\/p>\n\n\n\n<p>FKS F\u00f6rderkreis<\/p>\n\n\n\n<p>FK Fachkonferenz<\/p>\n\n\n\n<p>F\u00dcK F\u00e4cher\u00fcbergreifende Kompetenzpr\u00fcfung<\/p>\n\n\n\n<p>GAPP German-American-Partnership-Programm<\/p>\n\n\n\n<p>GEB Gesamtelternbeirat (der Freiburger Schulen)<\/p>\n\n\n\n<p>GFS Gleichwertige Feststellung der Sch\u00fclerleistung<\/p>\n\n\n\n<p>GLK Gesamtlehrerkonferenz<\/p>\n\n\n\n<p>JGH Jahrgangshaus (Bezeichnet das Jahr, in dem die Sch\u00fclerinnen und Sch\u00fcler in Klasse 5 eingeschult wurden)<\/p>\n\n\n\n<p>K1 Kursstufe 1 der Oberstufe<\/p>\n\n\n\n<p>K2 Kursstufe 2 der Oberstufe<\/p>\n\n\n\n<p>KOSI Koordinierungssitzung der Schul-, Stufen- und Abteilungsleitung<\/p>\n\n\n\n<p>KUMI Kultusministerium<\/p>\n\n\n\n<p>LEB Landeselternbeirat<\/p>\n\n\n\n<p>LOA L\u00f6sungsorientierter Ansatz<\/p>\n\n\n\n<p>LuL Lehrer und Lehrerinnen<\/p>\n\n\n\n<p>LZA Lernzeitaufgaben<\/p>\n\n\n\n<p>MS Mittelstufe<\/p>\n\n\n\n<p>OS Orientierungsstufe<\/p>\n\n\n\n<p>RP Regierungspr\u00e4sidium<\/p>\n\n\n\n<p>RS Realschule<\/p>\n\n\n\n<p>SII Studienstufe (zwei S w\u00e4ren einfach nicht gegangen)<\/p>\n\n\n\n<p>SCHUKO Schulkonferenz<\/p>\n\n\n\n<p>SGS Staudiger-Gesamtschule<\/p>\n\n\n\n<p>SIV Sch\u00fclerinteressensvertretung<\/p>\n\n\n\n<p>SMV Sch\u00fclermitverantwortung (bei uns gibt es beides)<\/p>\n\n\n\n<p>SuS Sch\u00fcler und Sch\u00fclerinnen<\/p>\n\n\n\n<p>VERA Vergleichsarbeiten<\/p>\n\n\n\n<p>WRS Werkrealschule<\/p>\n\n\n\n<p>WSH Werkspielhaus<\/p>\n\n\n\n<p>WSP Werkspielplatz<\/p>\n\n\n\n<p>WERKI Werkspielplatz<\/p>\n\n\n\n<hr class=\"wp-block-separator has-alpha-channel-opacity\"\/>\n\n\n\n<p><strong>F\u00e4cher und F\u00e4cherverb\u00fcnde:<\/strong><\/p>\n\n\n\n<p>AES Alltagskultur-Ern\u00e4hrung -Soziales<\/p>\n\n\n\n<p>BK Bildende Kunst<\/p>\n\n\n\n<p>BNT Biologie-Naturph\u00e4nomene-Technik<\/p>\n\n\n\n<p>DE Deutsch<\/p>\n\n\n\n<p>Eth Ethik<\/p>\n\n\n\n<p>E Englisch<\/p>\n\n\n\n<p>EWG Erdkunde-Wirtschaft-Gemeinschaftskunde<\/p>\n\n\n\n<p>Frz Franz\u00f6sisch<\/p>\n\n\n\n<p>FU Fachunterricht<\/p>\n\n\n\n<p>G Geschichte<\/p>\n\n\n\n<p>GK Gemeinschaftskunde<\/p>\n\n\n\n<p>GWG Geographie-Wirtschaft-Gemeinschaftskunde<\/p>\n\n\n\n<p>Hf Hauptfach<\/p>\n\n\n\n<p>IL Individuelles Lernen<\/p>\n\n\n\n<p>KLAS Klassenstunde<\/p>\n\n\n\n<p>Lat Latein<\/p>\n\n\n\n<p>M Mathe<\/p>\n\n\n\n<p>MBS Musik-Bildende Kunst-Sport<\/p>\n\n\n\n<p>Mus Musik<\/p>\n\n\n\n<p>NaWi Naturwissenschaft<\/p>\n\n\n\n<p>Nf Nebenfach<\/p>\n\n\n\n<p>NWA Naturwissenschaftliches Arbeiten<\/p>\n\n\n\n<p>NWT Naturwissenschaft und Technik<\/p>\n\n\n\n<p>PU Projektunterricht<\/p>\n\n\n\n<p>PWF Profilwahlfach (= Hf, z.B. NWT in Kl. 9)<\/p>\n\n\n\n<p>Rel Religion<\/p>\n\n\n\n<p>S Sport<\/p>\n\n\n\n<p>Sk Sozialkunde<\/p>\n\n\n\n<p>Spr Sportprofil<\/p>\n\n\n\n<p>Te Technik<\/p>\n\n\n\n<p>WBS Wirtschaft\/Berufs- und Studienorientierung<\/p>\n\n\n\n<p>WF Wahlfach (= Nf, z.B. Musik in Kl. 5)<\/p>\n\n\n\n<p>WPF Wahlpflichtfach (= Hf, z.B. Technik in Kl. 7)<\/p>\n","protected":false},"excerpt":{"rendered":"<p>Der BWB sitzt im MS-Bereich in C.2 beim JGH 21. H\u00e4? Wir bem\u00fchen uns wirklich, verst\u00e4ndlich zu kommunizieren. Falls es uns aber nicht gelingt, ist hier eine unvollst\u00e4ndige Liste der [&hellip;]<\/p>\n","protected":false},"author":1,"featured_media":0,"parent":0,"menu_order":0,"comment_status":"closed","ping_status":"closed","template":"","meta":{"footnotes":""},"class_list":["post-1166","page","type-page","status-publish","hentry"],"_links":{"self":[{"href":"https:\/\/elternbeirat-staudinger-gesamtschule.de\/index.php?rest_route=\/wp\/v2\/pages\/1166","targetHints":{"allow":["GET"]}}],"collection":[{"href":"https:\/\/elternbeirat-staudinger-gesamtschule.de\/index.php?rest_route=\/wp\/v2\/pages"}],"about":[{"href":"https:\/\/elternbeirat-staudinger-gesamtschule.de\/index.php?rest_route=\/wp\/v2\/types\/page"}],"author":[{"embeddable":true,"href":"https:\/\/elternbeirat-staudinger-gesamtschule.de\/index.php?rest_route=\/wp\/v2\/users\/1"}],"replies":[{"embeddable":true,"href":"https:\/\/elternbeirat-staudinger-gesamtschule.de\/index.php?rest_route=%2Fwp%2Fv2%2Fcomments&post=1166"}],"version-history":[{"count":4,"href":"https:\/\/elternbeirat-staudinger-gesamtschule.de\/index.php?rest_route=\/wp\/v2\/pages\/1166\/revisions"}],"predecessor-version":[{"id":1185,"href":"https:\/\/elternbeirat-staudinger-gesamtschule.de\/index.php?rest_route=\/wp\/v2\/pages\/1166\/revisions\/1185"}],"wp:attachment":[{"href":"https:\/\/elternbeirat-staudinger-gesamtschule.de\/index.php?rest_route=%2Fwp%2Fv2%2Fmedia&parent=1166"}],"curies":[{"name":"wp","href":"https:\/\/api.w.org\/{rel}","templated":true}]}}